{"id":998629,"date":"2025-12-31T00:01:00","date_gmt":"2025-12-30T23:01:00","guid":{"rendered":"https:\/\/ekonomik.opole.pl\/eko3\/?page_id=998629"},"modified":"2026-04-16T22:19:32","modified_gmt":"2026-04-16T20:19:32","slug":"fers-sch-2025-bolonia","status":"publish","type":"page","link":"http:\/\/ekonomik.opole.pl\/eko3\/fers-sch-2025-bolonia\/","title":{"rendered":"FERS SCH 2025 &#8211; Bolonia"},"content":{"rendered":"\t\t<div data-elementor-type=\"wp-page\" data-elementor-id=\"998629\" class=\"elementor elementor-998629\" data-elementor-settings=\"[]\">\n\t\t\t\t\t\t<div class=\"elementor-inner\">\n\t\t\t\t\t\t\t<div class=\"elementor-section-wrap\">\n\t\t\t\t\t\t\t<section class=\"elementor-section elementor-top-section elementor-element elementor-element-77a16de elementor-section-content-bottom elementor-section-boxed elementor-section-height-default elementor-section-height-default elementor-invisible\" data-id=\"77a16de\" data-element_type=\"section\" data-settings=\"{&quot;background_background&quot;:&quot;classic&quot;,&quot;background_motion_fx_motion_fx_scrolling&quot;:&quot;yes&quot;,&quot;background_motion_fx_range&quot;:&quot;viewport&quot;,&quot;background_motion_fx_opacity_effect&quot;:&quot;yes&quot;,&quot;background_motion_fx_opacity_direction&quot;:&quot;in-out&quot;,&quot;background_motion_fx_opacity_range&quot;:{&quot;unit&quot;:&quot;%&quot;,&quot;size&quot;:&quot;&quot;,&quot;sizes&quot;:{&quot;start&quot;:65,&quot;end&quot;:79}},&quot;background_motion_fx_translateY_effect&quot;:&quot;yes&quot;,&quot;animation&quot;:&quot;fadeIn&quot;,&quot;background_motion_fx_translateY_speed&quot;:{&quot;unit&quot;:&quot;px&quot;,&quot;size&quot;:4,&quot;sizes&quot;:[]},&quot;background_motion_fx_translateY_affectedRange&quot;:{&quot;unit&quot;:&quot;%&quot;,&quot;size&quot;:&quot;&quot;,&quot;sizes&quot;:{&quot;start&quot;:0,&quot;end&quot;:100}},&quot;background_motion_fx_opacity_level&quot;:{&quot;unit&quot;:&quot;px&quot;,&quot;size&quot;:10,&quot;sizes&quot;:[]},&quot;background_motion_fx_devices&quot;:[&quot;desktop&quot;,&quot;tablet&quot;,&quot;mobile&quot;]}\">\n\t\t\t\t\t\t<div class=\"elementor-container elementor-column-gap-default\">\n\t\t\t\t\t\t\t<div class=\"elementor-row\">\n\t\t\t\t\t<div class=\"elementor-column elementor-col-50 elementor-top-column elementor-element elementor-element-c328ea4\" data-id=\"c328ea4\" data-element_type=\"column\" data-settings=\"{&quot;background_background&quot;:&quot;classic&quot;}\">\n\t\t\t<div class=\"elementor-column-wrap elementor-element-populated\">\n\t\t\t\t\t\t\t<div class=\"elementor-widget-wrap\">\n\t\t\t\t\t\t<div class=\"elementor-element elementor-element-cfce00e elementor-widget elementor-widget-text-editor\" data-id=\"cfce00e\" data-element_type=\"widget\" data-widget_type=\"text-editor.default\">\n\t\t\t\t<div class=\"elementor-widget-container\">\n\t\t\t\t\t\t\t\t<div class=\"elementor-text-editor elementor-clearfix\">\n\t\t\t\t\t<p>Rekrutacja do projektu.<\/p>\t\t\t\t\t<\/div>\n\t\t\t\t\t\t<\/div>\n\t\t\t\t<\/div>\n\t\t\t\t\t\t<\/div>\n\t\t\t\t\t<\/div>\n\t\t<\/div>\n\t\t\t\t<div class=\"elementor-column elementor-col-50 elementor-top-column elementor-element elementor-element-d46808c elementor-hidden-phone\" data-id=\"d46808c\" data-element_type=\"column\">\n\t\t\t<div class=\"elementor-column-wrap\">\n\t\t\t\t\t\t\t<div class=\"elementor-widget-wrap\">\n\t\t\t\t\t\t\t\t<\/div>\n\t\t\t\t\t<\/div>\n\t\t<\/div>\n\t\t\t\t\t\t\t\t<\/div>\n\t\t\t\t\t<\/div>\n\t\t<\/section>\n\t\t\t\t<section class=\"elementor-section elementor-top-section elementor-element elementor-element-baf619f elementor-section-boxed elementor-section-height-default elementor-section-height-default\" data-id=\"baf619f\" data-element_type=\"section\">\n\t\t\t\t\t\t<div class=\"elementor-container elementor-column-gap-default\">\n\t\t\t\t\t\t\t<div class=\"elementor-row\">\n\t\t\t\t\t<div class=\"elementor-column elementor-col-100 elementor-top-column elementor-element elementor-element-ff29f12\" data-id=\"ff29f12\" data-element_type=\"column\">\n\t\t\t<div class=\"elementor-column-wrap elementor-element-populated\">\n\t\t\t\t\t\t\t<div class=\"elementor-widget-wrap\">\n\t\t\t\t\t\t<div class=\"elementor-element elementor-element-b44dffe elementor-widget elementor-widget-image\" data-id=\"b44dffe\" data-element_type=\"widget\" data-widget_type=\"image.default\">\n\t\t\t\t<div class=\"elementor-widget-container\">\n\t\t\t\t\t\t\t\t<div class=\"elementor-image\">\n\t\t\t\t\t\t\t\t\t\t\t\t<img width=\"1024\" height=\"724\" src=\"http:\/\/ekonomik.opole.pl\/eko3\/wp-content\/uploads\/2025\/12\/FE-plakat-A3-FE-dla-Rozwoju-Spolecznego-ZSEkonomicznych-Opole-szkolenia-1024x724.webp\" class=\"attachment-large size-large\" alt=\"\" loading=\"lazy\" srcset=\"http:\/\/ekonomik.opole.pl\/eko3\/wp-content\/uploads\/2025\/12\/FE-plakat-A3-FE-dla-Rozwoju-Spolecznego-ZSEkonomicznych-Opole-szkolenia-1024x724.webp 1024w, http:\/\/ekonomik.opole.pl\/eko3\/wp-content\/uploads\/2025\/12\/FE-plakat-A3-FE-dla-Rozwoju-Spolecznego-ZSEkonomicznych-Opole-szkolenia-300x212.webp 300w, http:\/\/ekonomik.opole.pl\/eko3\/wp-content\/uploads\/2025\/12\/FE-plakat-A3-FE-dla-Rozwoju-Spolecznego-ZSEkonomicznych-Opole-szkolenia-768x543.webp 768w, http:\/\/ekonomik.opole.pl\/eko3\/wp-content\/uploads\/2025\/12\/FE-plakat-A3-FE-dla-Rozwoju-Spolecznego-ZSEkonomicznych-Opole-szkolenia-680x481.webp 680w, http:\/\/ekonomik.opole.pl\/eko3\/wp-content\/uploads\/2025\/12\/FE-plakat-A3-FE-dla-Rozwoju-Spolecznego-ZSEkonomicznych-Opole-szkolenia.webp 1200w\" sizes=\"(max-width: 1024px) 100vw, 1024px\" \/>\t\t\t\t\t\t\t\t\t\t\t\t\t\t<\/div>\n\t\t\t\t\t\t<\/div>\n\t\t\t\t<\/div>\n\t\t\t\t<div class=\"elementor-element elementor-element-334450f elementor-widget elementor-widget-text-editor\" data-id=\"334450f\" data-element_type=\"widget\" data-widget_type=\"text-editor.default\">\n\t\t\t\t<div class=\"elementor-widget-container\">\n\t\t\t\t\t\t\t\t<div class=\"elementor-text-editor elementor-clearfix\">\n\t\t\t\t\t<div class=\"x11i5rnm xat24cr x1mh8g0r x1vvkbs xtlvy1s x126k92a\"><div dir=\"auto\"><p>Rekrutacja do projektu: <strong>\u201eInnowacje w edukacji: kursy dla nauczycieli Ekonomika z zakresu nowych technologii i zdrowia psychicznego\u201d.<\/strong><\/p><p>\u00a0<\/p><p>Z przyjemno\u015bci\u0105 informujemy, i\u017c rozpoczynamy rekrutacj\u0119 nauczycieli na szkolenia zagraniczne w ramach projektu<\/p><p>\u201dMi\u0119dzynarodowa mobilno\u015b\u0107 edukacyjna uczni\u00f3w i kadry edukacji szkolnej\u201d,\u00a0 wsp\u00f3\u0142finansowanego przez Uni\u0119 Europejsk\u0105 ze \u015brodk\u00f3w Europejskiego Funduszu Spo\u0142ecznego Plus, w Programie Fundusze Europejskie dla Rozwoju Spo\u0142ecznego 2021-2027, realizowanego na zasadach Programu Erasmus+.<\/p><p>\u00a0<\/p><p>Cele projektu:<\/p><ol><li>Wzmocnienie kompetencji cyfrowych nauczycieli ZSEk w Opolu, poprzez udzia\u0142 w szkoleniach z zakresu sztucznej inteligencji, ICT, e-learningu.<\/li><li>Rozw\u00f3j umiej\u0119tno\u015bci interpersonalnych nauczycieli ZSEk w Opolu i wsparcie zdrowia psychicznego uczni\u00f3w poprzez udzia\u0142 w szkoleniach z zakresu zdrowia psychicznego.<\/li><li>Rozw\u00f3j kompetencji j\u0119zykowych nauczycieli ZSEk w Opolu poprzez udzia\u0142 w mi\u0119dzynarodowych kursach prowadzonych w j\u0119zyku angielskim.<\/li><\/ol><p>\u00a0<\/p><p>Pierwsze z mi\u0119dzynarodowych szkole\u0144 to\u00a0 <strong>\u201eArtificial Intelligence and ChatGPT\u201d , <\/strong>kt\u00f3re odb\u0119dzie si\u0119 w Bolonii we W\u0142oszech w terminie 1 lutego 2026 do 7 lutego 2026.<\/p><p>\u00a0<\/p><p>W rekrutacji mog\u0105 wzi\u0105\u0107 udzia\u0142 nauczyciele Zespo\u0142u Szk\u00f3\u0142 Ekonomicznych im. Gen. Stefana Roweckiego \u201eGrota\u201d w Opolu.<\/p><p>Aby przyst\u0105pi\u0107 do rekrutacji nale\u017cy wydrukowa\u0107 wys\u0142ane przez e-dziennik \u00a0dokumenty rekrutacyjne, dok\u0142adnie je wype\u0142ni\u0107 drukowanymi literami i podpisane dostarczy\u0107 do sekretariatu szko\u0142y.<\/p><p><strong><span style=\"color: #ff6600;\">Termin dostarczenia dokument\u00f3w up\u0142ywa 7 stycznia 2026<\/span>.<\/strong><\/p><p>\u00a0<\/p><p>Wszelkich informacji udziela koordynator szkolny projektu Pani Beata Nowak.<\/p><\/div><\/div>\t\t\t\t\t<\/div>\n\t\t\t\t\t\t<\/div>\n\t\t\t\t<\/div>\n\t\t\t\t\t\t<\/div>\n\t\t\t\t\t<\/div>\n\t\t<\/div>\n\t\t\t\t\t\t\t\t<\/div>\n\t\t\t\t\t<\/div>\n\t\t<\/section>\n\t\t\t\t<section class=\"elementor-section elementor-top-section elementor-element elementor-element-9f88494 elementor-section-boxed elementor-section-height-default elementor-section-height-default\" data-id=\"9f88494\" data-element_type=\"section\">\n\t\t\t\t\t\t<div class=\"elementor-container elementor-column-gap-default\">\n\t\t\t\t\t\t\t<div class=\"elementor-row\">\n\t\t\t\t\t<div class=\"elementor-column elementor-col-100 elementor-top-column elementor-element elementor-element-94fa5a3\" data-id=\"94fa5a3\" data-element_type=\"column\">\n\t\t\t<div class=\"elementor-column-wrap elementor-element-populated\">\n\t\t\t\t\t\t\t<div class=\"elementor-widget-wrap\">\n\t\t\t\t\t\t<div class=\"elementor-element elementor-element-bb3ed8a elementor-widget elementor-widget-image\" data-id=\"bb3ed8a\" data-element_type=\"widget\" data-widget_type=\"image.default\">\n\t\t\t\t<div class=\"elementor-widget-container\">\n\t\t\t\t\t\t\t\t<div class=\"elementor-image\">\n\t\t\t\t\t\t\t\t\t\t\t\t<img width=\"1024\" height=\"141\" src=\"http:\/\/ekonomik.opole.pl\/eko3\/wp-content\/uploads\/2026\/01\/FERS_RP_UE_RGB-1-1024x141.jpg\" class=\"attachment-large size-large\" alt=\"\" loading=\"lazy\" srcset=\"http:\/\/ekonomik.opole.pl\/eko3\/wp-content\/uploads\/2026\/01\/FERS_RP_UE_RGB-1-1024x141.jpg 1024w, http:\/\/ekonomik.opole.pl\/eko3\/wp-content\/uploads\/2026\/01\/FERS_RP_UE_RGB-1-300x41.jpg 300w, http:\/\/ekonomik.opole.pl\/eko3\/wp-content\/uploads\/2026\/01\/FERS_RP_UE_RGB-1-768x106.jpg 768w, http:\/\/ekonomik.opole.pl\/eko3\/wp-content\/uploads\/2026\/01\/FERS_RP_UE_RGB-1-1536x212.jpg 1536w, http:\/\/ekonomik.opole.pl\/eko3\/wp-content\/uploads\/2026\/01\/FERS_RP_UE_RGB-1-2048x282.jpg 2048w, http:\/\/ekonomik.opole.pl\/eko3\/wp-content\/uploads\/2026\/01\/FERS_RP_UE_RGB-1-1360x188.jpg 1360w, http:\/\/ekonomik.opole.pl\/eko3\/wp-content\/uploads\/2026\/01\/FERS_RP_UE_RGB-1-680x94.jpg 680w\" sizes=\"(max-width: 1024px) 100vw, 1024px\" \/>\t\t\t\t\t\t\t\t\t\t\t\t\t\t<\/div>\n\t\t\t\t\t\t<\/div>\n\t\t\t\t<\/div>\n\t\t\t\t\t\t<\/div>\n\t\t\t\t\t<\/div>\n\t\t<\/div>\n\t\t\t\t\t\t\t\t<\/div>\n\t\t\t\t\t<\/div>\n\t\t<\/section>\n\t\t\t\t<section class=\"elementor-section elementor-top-section elementor-element elementor-element-620d618 elementor-section-boxed elementor-section-height-default elementor-section-height-default\" data-id=\"620d618\" data-element_type=\"section\">\n\t\t\t\t\t\t<div class=\"elementor-container elementor-column-gap-default\">\n\t\t\t\t\t\t\t<div class=\"elementor-row\">\n\t\t\t\t\t<div class=\"elementor-column elementor-col-100 elementor-top-column elementor-element elementor-element-f90444a\" data-id=\"f90444a\" data-element_type=\"column\">\n\t\t\t<div class=\"elementor-column-wrap elementor-element-populated\">\n\t\t\t\t\t\t\t<div class=\"elementor-widget-wrap\">\n\t\t\t\t\t\t<div class=\"elementor-element elementor-element-ca8ceaa elementor-widget elementor-widget-heading\" data-id=\"ca8ceaa\" data-element_type=\"widget\" data-widget_type=\"heading.default\">\n\t\t\t\t<div class=\"elementor-widget-container\">\n\t\t\t<h2 class=\"elementor-heading-title elementor-size-default\">Dokumenty do pobrania:<\/h2>\t\t<\/div>\n\t\t\t\t<\/div>\n\t\t\t\t<div class=\"elementor-element elementor-element-f419878 elementor-align-left elementor-icon-list--layout-traditional elementor-list-item-link-full_width elementor-widget elementor-widget-icon-list\" data-id=\"f419878\" data-element_type=\"widget\" data-widget_type=\"icon-list.default\">\n\t\t\t\t<div class=\"elementor-widget-container\">\n\t\t\t\t\t<ul class=\"elementor-icon-list-items\">\n\t\t\t\t\t\t\t<li class=\"elementor-icon-list-item\">\n\t\t\t\t\t<a href=\"https:\/\/ekonomik.opole.pl\/dokumenty\/projekty_ue\/zarzadzenie_dyrektora.docx\">\t\t\t\t\t\t<span class=\"elementor-icon-list-icon\">\n\t\t\t\t\t\t\t<i aria-hidden=\"true\" class=\"fas fa-file-download\"><\/i>\t\t\t\t\t\t<\/span>\n\t\t\t\t\t\t\t\t\t\t<span class=\"elementor-icon-list-text\">Zarz\u0105dzenie dyrektora<\/span>\n\t\t\t\t\t\t\t\t\t\t\t<\/a>\n\t\t\t\t\t\t\t\t\t<\/li>\n\t\t\t\t\t\t<\/ul>\n\t\t\t\t<\/div>\n\t\t\t\t<\/div>\n\t\t\t\t<div class=\"elementor-element elementor-element-3b02260 elementor-align-left elementor-icon-list--layout-traditional elementor-list-item-link-full_width elementor-widget elementor-widget-icon-list\" data-id=\"3b02260\" data-element_type=\"widget\" data-widget_type=\"icon-list.default\">\n\t\t\t\t<div class=\"elementor-widget-container\">\n\t\t\t\t\t<ul class=\"elementor-icon-list-items\">\n\t\t\t\t\t\t\t<li class=\"elementor-icon-list-item\">\n\t\t\t\t\t<a href=\"https:\/\/ekonomik.opole.pl\/dokumenty\/projekty_ue\/regulamin_FERS_2025.odt\">\t\t\t\t\t\t<span class=\"elementor-icon-list-icon\">\n\t\t\t\t\t\t\t<i aria-hidden=\"true\" class=\"fas fa-file-download\"><\/i>\t\t\t\t\t\t<\/span>\n\t\t\t\t\t\t\t\t\t\t<span class=\"elementor-icon-list-text\">Regulamin projektu<\/span>\n\t\t\t\t\t\t\t\t\t\t\t<\/a>\n\t\t\t\t\t\t\t\t\t<\/li>\n\t\t\t\t\t\t<\/ul>\n\t\t\t\t<\/div>\n\t\t\t\t<\/div>\n\t\t\t\t<div class=\"elementor-element elementor-element-5e94e72 elementor-align-left elementor-icon-list--layout-traditional elementor-list-item-link-full_width elementor-widget elementor-widget-icon-list\" data-id=\"5e94e72\" data-element_type=\"widget\" data-widget_type=\"icon-list.default\">\n\t\t\t\t<div class=\"elementor-widget-container\">\n\t\t\t\t\t<ul class=\"elementor-icon-list-items\">\n\t\t\t\t\t\t\t<li class=\"elementor-icon-list-item\">\n\t\t\t\t\t<a href=\"https:\/\/ekonomik.opole.pl\/dokumenty\/projekty_ue\/formularz_zgloszeniowy.docx\">\t\t\t\t\t\t<span class=\"elementor-icon-list-icon\">\n\t\t\t\t\t\t\t<i aria-hidden=\"true\" class=\"fas fa-file-download\"><\/i>\t\t\t\t\t\t<\/span>\n\t\t\t\t\t\t\t\t\t\t<span class=\"elementor-icon-list-text\">Formularz zg\u0142oszeniowy<\/span>\n\t\t\t\t\t\t\t\t\t\t\t<\/a>\n\t\t\t\t\t\t\t\t\t<\/li>\n\t\t\t\t\t\t<\/ul>\n\t\t\t\t<\/div>\n\t\t\t\t<\/div>\n\t\t\t\t<div class=\"elementor-element elementor-element-d8852c9 elementor-align-left elementor-icon-list--layout-traditional elementor-list-item-link-full_width elementor-widget elementor-widget-icon-list\" data-id=\"d8852c9\" data-element_type=\"widget\" data-widget_type=\"icon-list.default\">\n\t\t\t\t<div class=\"elementor-widget-container\">\n\t\t\t\t\t<ul class=\"elementor-icon-list-items\">\n\t\t\t\t\t\t\t<li class=\"elementor-icon-list-item\">\n\t\t\t\t\t<a href=\"https:\/\/ekonomik.opole.pl\/dokumenty\/projekty_ue\/sprawozdanie_z_wyjazdu_na_szkolenie.docx\">\t\t\t\t\t\t<span class=\"elementor-icon-list-icon\">\n\t\t\t\t\t\t\t<i aria-hidden=\"true\" class=\"fas fa-file-download\"><\/i>\t\t\t\t\t\t<\/span>\n\t\t\t\t\t\t\t\t\t\t<span class=\"elementor-icon-list-text\">Sprawozdanie (Szkolenie 1-7.02.2026)<\/span>\n\t\t\t\t\t\t\t\t\t\t\t<\/a>\n\t\t\t\t\t\t\t\t\t<\/li>\n\t\t\t\t\t\t<\/ul>\n\t\t\t\t<\/div>\n\t\t\t\t<\/div>\n\t\t\t\t<div class=\"elementor-element elementor-element-5105f7d elementor-widget elementor-widget-spacer\" data-id=\"5105f7d\" data-element_type=\"widget\" data-widget_type=\"spacer.default\">\n\t\t\t\t<div class=\"elementor-widget-container\">\n\t\t\t\t\t<div class=\"elementor-spacer\">\n\t\t\t<div class=\"elementor-spacer-inner\"><\/div>\n\t\t<\/div>\n\t\t\t\t<\/div>\n\t\t\t\t<\/div>\n\t\t\t\t\t\t<\/div>\n\t\t\t\t\t<\/div>\n\t\t<\/div>\n\t\t\t\t\t\t\t\t<\/div>\n\t\t\t\t\t<\/div>\n\t\t<\/section>\n\t\t\t\t\t\t<\/div>\n\t\t\t\t\t\t<\/div>\n\t\t\t\t\t<\/div>\n\t\t","protected":false},"excerpt":{"rendered":"<p>Rekrutacja do projektu. Rekrutacja do projektu: \u201eInnowacje w edukacji: kursy dla nauczycieli Ekonomika z zakresu nowych technologii i zdrowia psychicznego\u201d. Z przyjemno\u015bci\u0105 informujemy, i\u017c rozpoczynamy rekrutacj\u0119 nauczycieli na szkolenia zagraniczne w ramach projektu \u201dMi\u0119dzynarodowa mobilno\u015b\u0107 edukacyjna uczni\u00f3w i kadry edukacji szkolnej\u201d,&nbsp; wsp\u00f3\u0142finansowanego przez Uni\u0119 Europejsk\u0105 ze \u015brodk\u00f3w Europejskiego Funduszu Spo\u0142ecznego Plus, w Programie Fundusze Europejskie&#8230;<\/p>\n","protected":false},"author":6,"featured_media":0,"parent":0,"menu_order":0,"comment_status":"closed","ping_status":"closed","template":"","meta":{"inline_featured_image":false},"_links":{"self":[{"href":"http:\/\/ekonomik.opole.pl\/eko3\/wp-json\/wp\/v2\/pages\/998629"}],"collection":[{"href":"http:\/\/ekonomik.opole.pl\/eko3\/wp-json\/wp\/v2\/pages"}],"about":[{"href":"http:\/\/ekonomik.opole.pl\/eko3\/wp-json\/wp\/v2\/types\/page"}],"author":[{"embeddable":true,"href":"http:\/\/ekonomik.opole.pl\/eko3\/wp-json\/wp\/v2\/users\/6"}],"replies":[{"embeddable":true,"href":"http:\/\/ekonomik.opole.pl\/eko3\/wp-json\/wp\/v2\/comments?post=998629"}],"version-history":[{"count":33,"href":"http:\/\/ekonomik.opole.pl\/eko3\/wp-json\/wp\/v2\/pages\/998629\/revisions"}],"predecessor-version":[{"id":999060,"href":"http:\/\/ekonomik.opole.pl\/eko3\/wp-json\/wp\/v2\/pages\/998629\/revisions\/999060"}],"wp:attachment":[{"href":"http:\/\/ekonomik.opole.pl\/eko3\/wp-json\/wp\/v2\/media?parent=998629"}],"curies":[{"name":"wp","href":"https:\/\/api.w.org\/{rel}","templated":true}]}}